{"id":681,"date":"2015-04-19T09:26:10","date_gmt":"2015-04-19T09:26:10","guid":{"rendered":"http:\/\/synvec.fr\/?page_id=681"},"modified":"2019-10-06T16:29:16","modified_gmt":"2019-10-06T16:29:16","slug":"synthese-a-facon","status":"publish","type":"page","link":"https:\/\/synvec.fr\/en\/synthese-a-facon\/","title":{"rendered":"Custom synthesis"},"content":{"rendered":"<p><section class=\"container\"><div  class=\"row\"><div  class=\"col-md-12\"><div class=\"text\">Due to <span style=\"color: #ff6600;\"><b>S<\/b><span style=\"color: #0000ff;\"><b>yn<\/b><\/span><b>V<\/b><span style=\"color: #0000ff;\"><b>ec<\/b><\/span><\/span> team experience, to the chemists expertise and to extensive bibliographic research, we can provide a large range of chemical synthesis:<\/div><\/div><\/div><\/section><section class=\"container\"><div  class=\"row\"><div  class=\"col-md-4\"><div class=\"text\">\n<ul>\n<li>Classic <strong>organic synthesis<\/strong> (alkylation, amidation, esterification, oxidation, reduction\u2026)<\/li>\n<li><strong>Heterocyclic and muti-stapes<\/strong><\/li>\n<\/ul>\n<p><\/p><\/div><\/div><div  class=\"col-md-4\"><div class=\"text\">\n<ul>\n<li><strong>Peptides <\/strong>custom synthesis and synthesis on a solid support<\/li>\n<li><strong>Pharmaceutical impurities<\/strong> custom synthesis<\/li>\n<\/ul>\n<p><\/p><\/div><\/div><div  class=\"col-md-4\"><div class=\"text\">\n<ul>\n<li><strong>Scale-up<\/strong> synthesis from milligram quantities to gram and kilogram quantities<\/li>\n<li>Synthesis of modified <strong>nucleosides<\/strong> and <strong>phosphoramidites<\/strong><\/li>\n<\/ul>\n<p><\/p><\/div><\/div><\/div><\/section><\/p>","protected":false},"excerpt":{"rendered":"Due to SynVec team experience, to the chemists expertise and to extensive bibliographic research, we can provide a large range of chemical synthesis: Classic organic synthesis (alkylation, amidation, esterification, oxidation, reduction\u2026) Heterocyclic and muti-stapes Peptides custom synthesis and synthesis on...","protected":false},"author":1,"featured_media":0,"parent":0,"menu_order":0,"comment_status":"closed","ping_status":"open","template":"","meta":{"footnotes":""},"yoast_head":"<!-- This site is optimized with the Yoast SEO plugin v20.4 - https:\/\/yoast.com\/wordpress\/plugins\/seo\/ -->\n<title>Custom synthesis - SYNVEC<\/title>\n<meta name=\"robots\" content=\"index, follow, max-snippet:-1, max-image-preview:large, max-video-preview:-1\" \/>\n<link rel=\"canonical\" href=\"https:\/\/synvec.fr\/synthese-a-facon\/\" \/>\n<meta property=\"og:locale\" content=\"en_US\" \/>\n<meta property=\"og:type\" content=\"article\" \/>\n<meta property=\"og:title\" content=\"Custom synthesis - SYNVEC\" \/>\n<meta property=\"og:url\" content=\"https:\/\/synvec.fr\/synthese-a-facon\/\" \/>\n<meta property=\"og:site_name\" content=\"SYNVEC\" \/>\n<meta property=\"article:modified_time\" content=\"2019-10-06T16:29:16+00:00\" \/>\n<meta name=\"twitter:card\" content=\"summary_large_image\" \/>\n<meta name=\"twitter:label1\" content=\"Est. reading time\" \/>\n\t<meta name=\"twitter:data1\" content=\"1 minute\" \/>\n<script type=\"application\/ld+json\" class=\"yoast-schema-graph\">{\"@context\":\"https:\/\/schema.org\",\"@graph\":[{\"@type\":\"WebPage\",\"@id\":\"https:\/\/synvec.fr\/synthese-a-facon\/\",\"url\":\"https:\/\/synvec.fr\/synthese-a-facon\/\",\"name\":\"Custom synthesis - SYNVEC\",\"isPartOf\":{\"@id\":\"https:\/\/synvec.fr\/en\/#website\"},\"datePublished\":\"2015-04-19T09:26:10+00:00\",\"dateModified\":\"2019-10-06T16:29:16+00:00\",\"breadcrumb\":{\"@id\":\"https:\/\/synvec.fr\/synthese-a-facon\/#breadcrumb\"},\"inLanguage\":\"en-US\",\"potentialAction\":[{\"@type\":\"ReadAction\",\"target\":[\"https:\/\/synvec.fr\/synthese-a-facon\/\"]}]},{\"@type\":\"BreadcrumbList\",\"@id\":\"https:\/\/synvec.fr\/synthese-a-facon\/#breadcrumb\",\"itemListElement\":[{\"@type\":\"ListItem\",\"position\":1,\"name\":\"Accueil\",\"item\":\"https:\/\/synvec.fr\/\"},{\"@type\":\"ListItem\",\"position\":2,\"name\":\"Synth\u00e8se \u00e0 fa\u00e7on\"}]},{\"@type\":\"WebSite\",\"@id\":\"https:\/\/synvec.fr\/en\/#website\",\"url\":\"https:\/\/synvec.fr\/en\/\",\"name\":\"SYNVEC\",\"description\":\"Votre Partenaire en R&amp;D et Synth\u00e8se Chimique\",\"potentialAction\":[{\"@type\":\"SearchAction\",\"target\":{\"@type\":\"EntryPoint\",\"urlTemplate\":\"https:\/\/synvec.fr\/en\/?s={search_term_string}\"},\"query-input\":\"required name=search_term_string\"}],\"inLanguage\":\"en-US\"}]}<\/script>\n<!-- \/ Yoast SEO plugin. -->","yoast_head_json":{"title":"Custom synthesis - SYNVEC","robots":{"index":"index","follow":"follow","max-snippet":"max-snippet:-1","max-image-preview":"max-image-preview:large","max-video-preview":"max-video-preview:-1"},"canonical":"https:\/\/synvec.fr\/synthese-a-facon\/","og_locale":"en_US","og_type":"article","og_title":"Custom synthesis - SYNVEC","og_url":"https:\/\/synvec.fr\/synthese-a-facon\/","og_site_name":"SYNVEC","article_modified_time":"2019-10-06T16:29:16+00:00","twitter_card":"summary_large_image","twitter_misc":{"Est. reading time":"1 minute"},"schema":{"@context":"https:\/\/schema.org","@graph":[{"@type":"WebPage","@id":"https:\/\/synvec.fr\/synthese-a-facon\/","url":"https:\/\/synvec.fr\/synthese-a-facon\/","name":"Custom synthesis - SYNVEC","isPartOf":{"@id":"https:\/\/synvec.fr\/en\/#website"},"datePublished":"2015-04-19T09:26:10+00:00","dateModified":"2019-10-06T16:29:16+00:00","breadcrumb":{"@id":"https:\/\/synvec.fr\/synthese-a-facon\/#breadcrumb"},"inLanguage":"en-US","potentialAction":[{"@type":"ReadAction","target":["https:\/\/synvec.fr\/synthese-a-facon\/"]}]},{"@type":"BreadcrumbList","@id":"https:\/\/synvec.fr\/synthese-a-facon\/#breadcrumb","itemListElement":[{"@type":"ListItem","position":1,"name":"Accueil","item":"https:\/\/synvec.fr\/"},{"@type":"ListItem","position":2,"name":"Synth\u00e8se \u00e0 fa\u00e7on"}]},{"@type":"WebSite","@id":"https:\/\/synvec.fr\/en\/#website","url":"https:\/\/synvec.fr\/en\/","name":"SYNVEC","description":"Votre Partenaire en R&amp;D et Synth\u00e8se Chimique","potentialAction":[{"@type":"SearchAction","target":{"@type":"EntryPoint","urlTemplate":"https:\/\/synvec.fr\/en\/?s={search_term_string}"},"query-input":"required name=search_term_string"}],"inLanguage":"en-US"}]}},"_links":{"self":[{"href":"https:\/\/synvec.fr\/en\/wp-json\/wp\/v2\/pages\/681"}],"collection":[{"href":"https:\/\/synvec.fr\/en\/wp-json\/wp\/v2\/pages"}],"about":[{"href":"https:\/\/synvec.fr\/en\/wp-json\/wp\/v2\/types\/page"}],"author":[{"embeddable":true,"href":"https:\/\/synvec.fr\/en\/wp-json\/wp\/v2\/users\/1"}],"replies":[{"embeddable":true,"href":"https:\/\/synvec.fr\/en\/wp-json\/wp\/v2\/comments?post=681"}],"version-history":[{"count":5,"href":"https:\/\/synvec.fr\/en\/wp-json\/wp\/v2\/pages\/681\/revisions"}],"predecessor-version":[{"id":743,"href":"https:\/\/synvec.fr\/en\/wp-json\/wp\/v2\/pages\/681\/revisions\/743"}],"wp:attachment":[{"href":"https:\/\/synvec.fr\/en\/wp-json\/wp\/v2\/media?parent=681"}],"curies":[{"name":"wp","href":"https:\/\/api.w.org\/{rel}","templated":true}]}}